{"id":20386,"date":"2023-03-20T13:11:20","date_gmt":"2023-03-20T13:11:20","guid":{"rendered":"https:\/\/puritoskincare.eu\/producto\/crema-con-centella-green-level\/"},"modified":"2025-12-15T14:47:18","modified_gmt":"2025-12-15T14:47:18","slug":"crema-con-centella-green-level","status":"publish","type":"product","link":"https:\/\/puritoskincare.eu\/en\/producto\/crema-con-centella-green-level\/","title":{"rendered":"Crema con Centella Green Level"},"content":{"rendered":"<h4>Modo de uso<\/h4>\n<p>Utilizar despu\u00e9s del t\u00f3nico y el s\u00e9rum. Dispensar una cantidad moderada de crema y aplicarla por el rostro dando palmaditas suaves con la yema de los dedos para una mejor absorci\u00f3n.<\/p>\n<p><\/p>\n<h4>Ingredientes<\/h4>\n<p>Centella Asiatica Extract, Water, Caprylic\/Capric Triglyceride, Glycerin, Squalane, Cetearyl Alcohol, Butylene Glycol, 1,2-Hexanediol, Niacinamide, Macadamia Ternifolia Seed Oil, Butyrospermum Parkii (Shea) Butter Extract, Hydrogenated Lecithin, Tribehenin, Stearic Acid, Behenic Acid, Argania Spinosa Kernel Oil, Tromethamine, Spent Grain Wax, Carbomer, Caprylyl Glycol, Tremella Fuciformis (Mushroom) Extract , Sodium Hyaluronate, Perilla Ocymoides Seed Extract, Hamamelis Virginiana (Witch Hazel) Extract, Betaine, Beta-Glucan, Citrus Aurantium Bergamia (Bergamot) Fruit Oil, Xanthan Gum, Sodium Carbomer, Hydroxyethylcellulose, Adenosine, Lavandula Angustifolia (Lavender) Oil, Asiaticoside, Asiatic Acid, Phytosphingosine, Ceramide NP, Madecassic Acid, Tocopherol<\/p>\n<p>Vegano<\/p>\n","protected":false},"excerpt":{"rendered":"<p>Es una crema facial altamente concentrada elaborada con un 50 % de extracto de centella asi\u00e1tica para reforzar la barrera cut\u00e1nea y a la vez mantener la piel hidratada y el\u00e1stica. Formulada con ingredientes EWG, puedes utilizarla sin preocuparte sobre cualquier tipo de piel, aunque es perfecta para pieles sensibles, ya que ayuda a controlar la irritaci\u00f3n de la piel, d\u00e1ndonos siempre un aspecto juvenil y siempre hidratado. Sus ingredientes activos luchan contra la hiper pigmentaci\u00f3n y para prevenir el envejecimiento. Los aceites de arg\u00e1n y macadamia de su f\u00f3rmula aportan humedad a tu piel, mientras el extracto de hamamelis la calma. Y por si fuera poco, tambi\u00e9n cuenta con los beneficios del escualano, que hidrata y lucha contra los radicales libres que aceleran el envejecimiento de la piel. Un sinf\u00edn de soluciones dentro de una misma crema facial.<\/p>\n","protected":false},"featured_media":20023,"comment_status":"closed","ping_status":"closed","template":"","meta":[],"product_brand":[],"product_cat":[645,643,644],"product_tag":[],"class_list":{"0":"post-20386","1":"product","2":"type-product","3":"status-publish","4":"has-post-thumbnail","6":"product_cat-centella-green-level-en","7":"product_cat-cream","8":"product_cat-nuevo-en","10":"first","11":"instock","12":"shipping-taxable","13":"purchasable","14":"product-type-simple"},"yoast_head":"<!-- This site is optimized with the Yoast SEO plugin v27.2 - https:\/\/yoast.com\/product\/yoast-seo-wordpress\/ -->\n<title>Crema con Centella Green Level - purito<\/title>\n<meta name=\"robots\" content=\"index, follow, max-snippet:-1, max-image-preview:large, max-video-preview:-1\" \/>\n<link rel=\"canonical\" href=\"https:\/\/puritoskincare.eu\/en\/producto\/crema-con-centella-green-level\/\" \/>\n<meta property=\"og:locale\" content=\"en_US\" \/>\n<meta property=\"og:type\" content=\"article\" \/>\n<meta property=\"og:title\" content=\"Crema con Centella Green Level - purito\" \/>\n<meta property=\"og:description\" content=\"Es una crema facial altamente concentrada elaborada con un 50 % de extracto de centella asi\u00e1tica para reforzar la barrera cut\u00e1nea y a la vez mantener la piel hidratada y el\u00e1stica. Formulada con ingredientes EWG, puedes utilizarla sin preocuparte sobre cualquier tipo de piel, aunque es perfecta para pieles sensibles, ya que ayuda a controlar la irritaci\u00f3n de la piel, d\u00e1ndonos siempre un aspecto juvenil y siempre hidratado. Sus ingredientes activos luchan contra la hiper pigmentaci\u00f3n y para prevenir el envejecimiento. Los aceites de arg\u00e1n y macadamia de su f\u00f3rmula aportan humedad a tu piel, mientras el extracto de hamamelis la calma. Y por si fuera poco, tambi\u00e9n cuenta con los beneficios del escualano, que hidrata y lucha contra los radicales libres que aceleran el envejecimiento de la piel. Un sinf\u00edn de soluciones dentro de una misma crema facial.\" \/>\n<meta property=\"og:url\" content=\"https:\/\/puritoskincare.eu\/en\/producto\/crema-con-centella-green-level\/\" \/>\n<meta property=\"og:site_name\" content=\"purito\" \/>\n<meta property=\"article:modified_time\" content=\"2025-12-15T14:47:18+00:00\" \/>\n<meta property=\"og:image\" content=\"http:\/\/puritoskincare.eu\/wp-content\/uploads\/2023\/03\/prt015@38.jpg\" \/>\n\t<meta property=\"og:image:width\" content=\"800\" \/>\n\t<meta property=\"og:image:height\" content=\"800\" \/>\n\t<meta property=\"og:image:type\" content=\"image\/jpeg\" \/>\n<meta name=\"twitter:card\" content=\"summary_large_image\" \/>\n<meta name=\"twitter:label1\" content=\"Est. reading time\" \/>\n\t<meta name=\"twitter:data1\" content=\"1 minute\" \/>\n<script type=\"application\/ld+json\" class=\"yoast-schema-graph\">{\"@context\":\"https:\/\/schema.org\",\"@graph\":[{\"@type\":\"WebPage\",\"@id\":\"https:\/\/puritoskincare.eu\/en\/producto\/crema-con-centella-green-level\/\",\"url\":\"https:\/\/puritoskincare.eu\/en\/producto\/crema-con-centella-green-level\/\",\"name\":\"Crema con Centella Green Level - purito\",\"isPartOf\":{\"@id\":\"https:\/\/puritoskincare.eu\/en\/#website\"},\"primaryImageOfPage\":{\"@id\":\"https:\/\/puritoskincare.eu\/en\/producto\/crema-con-centella-green-level\/#primaryimage\"},\"image\":{\"@id\":\"https:\/\/puritoskincare.eu\/en\/producto\/crema-con-centella-green-level\/#primaryimage\"},\"thumbnailUrl\":\"https:\/\/puritoskincare.eu\/wp-content\/uploads\/2023\/03\/prt015@38.jpg\",\"datePublished\":\"2023-03-20T13:11:20+00:00\",\"dateModified\":\"2025-12-15T14:47:18+00:00\",\"breadcrumb\":{\"@id\":\"https:\/\/puritoskincare.eu\/en\/producto\/crema-con-centella-green-level\/#breadcrumb\"},\"inLanguage\":\"en-US\",\"potentialAction\":[{\"@type\":\"ReadAction\",\"target\":[\"https:\/\/puritoskincare.eu\/en\/producto\/crema-con-centella-green-level\/\"]}]},{\"@type\":\"ImageObject\",\"inLanguage\":\"en-US\",\"@id\":\"https:\/\/puritoskincare.eu\/en\/producto\/crema-con-centella-green-level\/#primaryimage\",\"url\":\"https:\/\/puritoskincare.eu\/wp-content\/uploads\/2023\/03\/prt015@38.jpg\",\"contentUrl\":\"https:\/\/puritoskincare.eu\/wp-content\/uploads\/2023\/03\/prt015@38.jpg\",\"width\":800,\"height\":800,\"caption\":\"Purito Recovery Cream Centella Green Level\"},{\"@type\":\"BreadcrumbList\",\"@id\":\"https:\/\/puritoskincare.eu\/en\/producto\/crema-con-centella-green-level\/#breadcrumb\",\"itemListElement\":[{\"@type\":\"ListItem\",\"position\":1,\"name\":\"Portada\",\"item\":\"https:\/\/puritoskincare.eu\/en\/\"},{\"@type\":\"ListItem\",\"position\":2,\"name\":\"Products\",\"item\":\"https:\/\/puritoskincare.eu\/en\/shop\/\"},{\"@type\":\"ListItem\",\"position\":3,\"name\":\"Crema con Centella Green Level\"}]},{\"@type\":\"WebSite\",\"@id\":\"https:\/\/puritoskincare.eu\/en\/#website\",\"url\":\"https:\/\/puritoskincare.eu\/en\/\",\"name\":\"purito\",\"description\":\"Purito Europe\",\"potentialAction\":[{\"@type\":\"SearchAction\",\"target\":{\"@type\":\"EntryPoint\",\"urlTemplate\":\"https:\/\/puritoskincare.eu\/en\/?s={search_term_string}\"},\"query-input\":{\"@type\":\"PropertyValueSpecification\",\"valueRequired\":true,\"valueName\":\"search_term_string\"}}],\"inLanguage\":\"en-US\"}]}<\/script>\n<!-- \/ Yoast SEO plugin. -->","yoast_head_json":{"title":"Crema con Centella Green Level - purito","robots":{"index":"index","follow":"follow","max-snippet":"max-snippet:-1","max-image-preview":"max-image-preview:large","max-video-preview":"max-video-preview:-1"},"canonical":"https:\/\/puritoskincare.eu\/en\/producto\/crema-con-centella-green-level\/","og_locale":"en_US","og_type":"article","og_title":"Crema con Centella Green Level - purito","og_description":"Es una crema facial altamente concentrada elaborada con un 50 % de extracto de centella asi\u00e1tica para reforzar la barrera cut\u00e1nea y a la vez mantener la piel hidratada y el\u00e1stica. Formulada con ingredientes EWG, puedes utilizarla sin preocuparte sobre cualquier tipo de piel, aunque es perfecta para pieles sensibles, ya que ayuda a controlar la irritaci\u00f3n de la piel, d\u00e1ndonos siempre un aspecto juvenil y siempre hidratado. Sus ingredientes activos luchan contra la hiper pigmentaci\u00f3n y para prevenir el envejecimiento. Los aceites de arg\u00e1n y macadamia de su f\u00f3rmula aportan humedad a tu piel, mientras el extracto de hamamelis la calma. Y por si fuera poco, tambi\u00e9n cuenta con los beneficios del escualano, que hidrata y lucha contra los radicales libres que aceleran el envejecimiento de la piel. Un sinf\u00edn de soluciones dentro de una misma crema facial.","og_url":"https:\/\/puritoskincare.eu\/en\/producto\/crema-con-centella-green-level\/","og_site_name":"purito","article_modified_time":"2025-12-15T14:47:18+00:00","og_image":[{"width":800,"height":800,"url":"http:\/\/puritoskincare.eu\/wp-content\/uploads\/2023\/03\/prt015@38.jpg","type":"image\/jpeg"}],"twitter_card":"summary_large_image","twitter_misc":{"Est. reading time":"1 minute"},"schema":{"@context":"https:\/\/schema.org","@graph":[{"@type":"WebPage","@id":"https:\/\/puritoskincare.eu\/en\/producto\/crema-con-centella-green-level\/","url":"https:\/\/puritoskincare.eu\/en\/producto\/crema-con-centella-green-level\/","name":"Crema con Centella Green Level - purito","isPartOf":{"@id":"https:\/\/puritoskincare.eu\/en\/#website"},"primaryImageOfPage":{"@id":"https:\/\/puritoskincare.eu\/en\/producto\/crema-con-centella-green-level\/#primaryimage"},"image":{"@id":"https:\/\/puritoskincare.eu\/en\/producto\/crema-con-centella-green-level\/#primaryimage"},"thumbnailUrl":"https:\/\/puritoskincare.eu\/wp-content\/uploads\/2023\/03\/prt015@38.jpg","datePublished":"2023-03-20T13:11:20+00:00","dateModified":"2025-12-15T14:47:18+00:00","breadcrumb":{"@id":"https:\/\/puritoskincare.eu\/en\/producto\/crema-con-centella-green-level\/#breadcrumb"},"inLanguage":"en-US","potentialAction":[{"@type":"ReadAction","target":["https:\/\/puritoskincare.eu\/en\/producto\/crema-con-centella-green-level\/"]}]},{"@type":"ImageObject","inLanguage":"en-US","@id":"https:\/\/puritoskincare.eu\/en\/producto\/crema-con-centella-green-level\/#primaryimage","url":"https:\/\/puritoskincare.eu\/wp-content\/uploads\/2023\/03\/prt015@38.jpg","contentUrl":"https:\/\/puritoskincare.eu\/wp-content\/uploads\/2023\/03\/prt015@38.jpg","width":800,"height":800,"caption":"Purito Recovery Cream Centella Green Level"},{"@type":"BreadcrumbList","@id":"https:\/\/puritoskincare.eu\/en\/producto\/crema-con-centella-green-level\/#breadcrumb","itemListElement":[{"@type":"ListItem","position":1,"name":"Portada","item":"https:\/\/puritoskincare.eu\/en\/"},{"@type":"ListItem","position":2,"name":"Products","item":"https:\/\/puritoskincare.eu\/en\/shop\/"},{"@type":"ListItem","position":3,"name":"Crema con Centella Green Level"}]},{"@type":"WebSite","@id":"https:\/\/puritoskincare.eu\/en\/#website","url":"https:\/\/puritoskincare.eu\/en\/","name":"purito","description":"Purito Europe","potentialAction":[{"@type":"SearchAction","target":{"@type":"EntryPoint","urlTemplate":"https:\/\/puritoskincare.eu\/en\/?s={search_term_string}"},"query-input":{"@type":"PropertyValueSpecification","valueRequired":true,"valueName":"search_term_string"}}],"inLanguage":"en-US"}]}},"_links":{"self":[{"href":"https:\/\/puritoskincare.eu\/en\/wp-json\/wp\/v2\/product\/20386","targetHints":{"allow":["GET"]}}],"collection":[{"href":"https:\/\/puritoskincare.eu\/en\/wp-json\/wp\/v2\/product"}],"about":[{"href":"https:\/\/puritoskincare.eu\/en\/wp-json\/wp\/v2\/types\/product"}],"replies":[{"embeddable":true,"href":"https:\/\/puritoskincare.eu\/en\/wp-json\/wp\/v2\/comments?post=20386"}],"wp:featuredmedia":[{"embeddable":true,"href":"https:\/\/puritoskincare.eu\/en\/wp-json\/wp\/v2\/media\/20023"}],"wp:attachment":[{"href":"https:\/\/puritoskincare.eu\/en\/wp-json\/wp\/v2\/media?parent=20386"}],"wp:term":[{"taxonomy":"product_brand","embeddable":true,"href":"https:\/\/puritoskincare.eu\/en\/wp-json\/wp\/v2\/product_brand?post=20386"},{"taxonomy":"product_cat","embeddable":true,"href":"https:\/\/puritoskincare.eu\/en\/wp-json\/wp\/v2\/product_cat?post=20386"},{"taxonomy":"product_tag","embeddable":true,"href":"https:\/\/puritoskincare.eu\/en\/wp-json\/wp\/v2\/product_tag?post=20386"}],"curies":[{"name":"wp","href":"https:\/\/api.w.org\/{rel}","templated":true}]}}